{"id":45,"date":"2022-09-19T19:44:01","date_gmt":"2022-09-19T19:44:01","guid":{"rendered":"https:\/\/www.zilelemaghiaretm.ro\/2022\/?page_id=45"},"modified":"2022-09-19T21:34:11","modified_gmt":"2022-09-19T21:34:11","slug":"asociatia-bastion","status":"publish","type":"page","link":"https:\/\/www.zilelemaghiaretm.ro\/2022\/asociatia-bastion\/","title":{"rendered":"Asocia\u0163ia Bastion"},"content":{"rendered":"\t\t<div data-elementor-type=\"wp-page\" data-elementor-id=\"45\" class=\"elementor elementor-45\">\n\t\t\t\t\t\t\t\t\t<section class=\"elementor-section elementor-top-section elementor-element elementor-element-54631936 elementor-section-height-full elementor-section-items-top elementor-section-boxed elementor-section-height-default\" data-id=\"54631936\" data-element_type=\"section\" data-settings=\"{&quot;background_background&quot;:&quot;classic&quot;}\">\n\t\t\t\t\t\t<div class=\"elementor-container elementor-column-gap-default\">\n\t\t\t\t\t<div class=\"elementor-column elementor-col-100 elementor-top-column elementor-element elementor-element-134db467\" data-id=\"134db467\" data-element_type=\"column\" data-settings=\"{&quot;background_background&quot;:&quot;classic&quot;}\">\n\t\t\t<div class=\"elementor-widget-wrap elementor-element-populated\">\n\t\t\t\t\t\t\t\t<div class=\"elementor-element elementor-element-192e0cc0 elementor-widget elementor-widget-image\" data-id=\"192e0cc0\" data-element_type=\"widget\" data-widget_type=\"image.default\">\n\t\t\t\t<div class=\"elementor-widget-container\">\n\t\t\t<style>\/*! elementor - v3.6.8 - 27-07-2022 *\/\n.elementor-widget-image{text-align:center}.elementor-widget-image a{display:inline-block}.elementor-widget-image a img[src$=\".svg\"]{width:48px}.elementor-widget-image img{vertical-align:middle;display:inline-block}<\/style>\t\t\t\t\t\t\t\t\t\t\t\t<img loading=\"lazy\" decoding=\"async\" width=\"383\" height=\"226\" src=\"https:\/\/www.zilelemaghiaretm.ro\/2022\/wp-content\/uploads\/2022\/09\/varbastya-0.svg\" class=\"attachment-large size-large\" alt=\"\" \/>\t\t\t\t\t\t\t\t\t\t\t\t\t\t\t<\/div>\n\t\t\t\t<\/div>\n\t\t\t\t<div class=\"elementor-element elementor-element-4195b1dc elementor-widget elementor-widget-text-editor\" data-id=\"4195b1dc\" data-element_type=\"widget\" data-widget_type=\"text-editor.default\">\n\t\t\t\t<div class=\"elementor-widget-container\">\n\t\t\t<style>\/*! elementor - v3.6.8 - 27-07-2022 *\/\n.elementor-widget-text-editor.elementor-drop-cap-view-stacked .elementor-drop-cap{background-color:#818a91;color:#fff}.elementor-widget-text-editor.elementor-drop-cap-view-framed .elementor-drop-cap{color:#818a91;border:3px solid;background-color:transparent}.elementor-widget-text-editor:not(.elementor-drop-cap-view-default) .elementor-drop-cap{margin-top:8px}.elementor-widget-text-editor:not(.elementor-drop-cap-view-default) .elementor-drop-cap-letter{width:1em;height:1em}.elementor-widget-text-editor .elementor-drop-cap{float:left;text-align:center;line-height:1;font-size:50px}.elementor-widget-text-editor .elementor-drop-cap-letter{display:inline-block}<\/style>\t\t\t\t<p><b>Asocia\u0163ia BASTION este o asocia\u021bie \u00eenfiin\u021bat\u0103 \u00een 2016, cu scopul de a sus\u021bine \u0219i a populariza valorile culturale ale minorit\u0103\u021bilor etnice din Banat precum \u0219i promovarea dialogului intercultural.<\/b><\/p><p>Unul din obiectivele principale ale asocia\u021biei este organizarea Zilelor Culturale Maghiare din Timi\u0219oara. Membrii fondatori ai asocia\u021biei sunt persoane fizice, reprezentan\u021bi ai ONG-urilor, ai institu\u021biilor culturale, educa\u021bionale \u0219i politice din Timi\u0219oara. Pre\u0219edintele organiza\u021biei este Tam\u00e1s P\u00e9ter, consulul onorific al Ungariei la Timi\u0219oara. Prezidiul organiza\u021biei este compus din: Erdei Ildik\u00f3, Gazda Istv\u00e1n, K\u00e1sa Zsolt, Szilv\u00e1gyi Zsolt, S\u00fct\u0151-Udvari Magdolna, Metz Rita. Deja \u00eenainte de \u00eenfiin\u021barea organiza\u021biei ca persoan\u0103 juridic\u0103, am deschis dialogul \u0219i am avut \u00eent\u00e2lniri cu reprezentan\u021bii institu\u021biilor locale \u0219i a organiza\u021biilor neguvernamentele care activeaz\u0103 \u00een domeniul culturii \u0219i a minorit\u0103\u021bilor etnice \u00een Timi\u0219oara pentru a pune temelia unei colabor\u0103ri \u00een ceea ce prive\u0219te organizarea acestui eveniment de mare anvergur\u0103. Prim\u0103ria Timi\u0219oara ne-a asigurat de sprijinul institu\u021bional \u00een ceea ce prive\u0219te organizarea Zilelor Culturale Maghiare din Timi\u0219oara.<\/p>\t\t\t\t\t\t<\/div>\n\t\t\t\t<\/div>\n\t\t\t\t\t<\/div>\n\t\t<\/div>\n\t\t\t\t\t\t\t<\/div>\n\t\t<\/section>\n\t\t\t\t\t\t\t<\/div>\n\t\t","protected":false},"excerpt":{"rendered":"<p>Asocia\u0163ia BASTION este o asocia\u021bie \u00eenfiin\u021bat\u0103 \u00een 2016, cu scopul de a sus\u021bine \u0219i a populariza valorile culturale ale minorit\u0103\u021bilor etnice din Banat precum \u0219i promovarea dialogului intercultural. Unul din obiectivele principale ale asocia\u021biei este organizarea Zilelor Culturale Maghiare din Timi\u0219oara. Membrii fondatori ai asocia\u021biei sunt persoane fizice, reprezentan\u021bi ai ONG-urilor, ai institu\u021biilor culturale, educa\u021bionale [&hellip;]<\/p>\n","protected":false},"author":1,"featured_media":0,"parent":0,"menu_order":0,"comment_status":"closed","ping_status":"closed","template":"","meta":{"footnotes":""},"class_list":["post-45","page","type-page","status-publish","hentry"],"_links":{"self":[{"href":"https:\/\/www.zilelemaghiaretm.ro\/2022\/wp-json\/wp\/v2\/pages\/45","targetHints":{"allow":["GET"]}}],"collection":[{"href":"https:\/\/www.zilelemaghiaretm.ro\/2022\/wp-json\/wp\/v2\/pages"}],"about":[{"href":"https:\/\/www.zilelemaghiaretm.ro\/2022\/wp-json\/wp\/v2\/types\/page"}],"author":[{"embeddable":true,"href":"https:\/\/www.zilelemaghiaretm.ro\/2022\/wp-json\/wp\/v2\/users\/1"}],"replies":[{"embeddable":true,"href":"https:\/\/www.zilelemaghiaretm.ro\/2022\/wp-json\/wp\/v2\/comments?post=45"}],"version-history":[{"count":7,"href":"https:\/\/www.zilelemaghiaretm.ro\/2022\/wp-json\/wp\/v2\/pages\/45\/revisions"}],"predecessor-version":[{"id":187,"href":"https:\/\/www.zilelemaghiaretm.ro\/2022\/wp-json\/wp\/v2\/pages\/45\/revisions\/187"}],"wp:attachment":[{"href":"https:\/\/www.zilelemaghiaretm.ro\/2022\/wp-json\/wp\/v2\/media?parent=45"}],"curies":[{"name":"wp","href":"https:\/\/api.w.org\/{rel}","templated":true}]}}